{"id":10,"date":"2021-07-03T17:11:03","date_gmt":"2021-07-03T15:11:03","guid":{"rendered":"https:\/\/www.saveurscontinents.com\/?page_id=10"},"modified":"2026-04-27T13:21:58","modified_gmt":"2026-04-27T11:21:58","slug":"creez-votre-site-avec-des-blocs","status":"publish","type":"page","link":"https:\/\/www.saveurscontinents.com\/","title":{"rendered":""},"content":{"rendered":"\n<figure class=\"wp-block-gallery has-nested-images columns-default is-cropped wp-block-gallery-1 is-layout-flex wp-block-gallery-is-layout-flex\">\n<figure class=\"wp-block-image size-large\"><img loading=\"lazy\" decoding=\"async\" width=\"2560\" height=\"1707\" data-id=\"348\" src=\"https:\/\/www.saveurscontinents.com\/wp-content\/uploads\/2021\/07\/IMG_8817-scaled.jpeg\" alt=\"\" class=\"wp-image-348\" srcset=\"https:\/\/www.saveurscontinents.com\/wp-content\/uploads\/2021\/07\/IMG_8817-scaled.jpeg 2560w, https:\/\/www.saveurscontinents.com\/wp-content\/uploads\/2021\/07\/IMG_8817-300x200.jpeg 300w, https:\/\/www.saveurscontinents.com\/wp-content\/uploads\/2021\/07\/IMG_8817-1024x683.jpeg 1024w, https:\/\/www.saveurscontinents.com\/wp-content\/uploads\/2021\/07\/IMG_8817-768x512.jpeg 768w, https:\/\/www.saveurscontinents.com\/wp-content\/uploads\/2021\/07\/IMG_8817-1536x1024.jpeg 1536w, https:\/\/www.saveurscontinents.com\/wp-content\/uploads\/2021\/07\/IMG_8817-2048x1365.jpeg 2048w, https:\/\/www.saveurscontinents.com\/wp-content\/uploads\/2021\/07\/IMG_8817-1568x1045.jpeg 1568w\" sizes=\"auto, (max-width: 2560px) 100vw, 2560px\" \/><\/figure>\n\n\n\n<figure class=\"wp-block-image size-large\"><img loading=\"lazy\" decoding=\"async\" width=\"2560\" height=\"1580\" data-id=\"327\" src=\"https:\/\/www.saveurscontinents.com\/wp-content\/uploads\/2021\/07\/IMG_9440-scaled.jpg\" alt=\"\" class=\"wp-image-327\" srcset=\"https:\/\/www.saveurscontinents.com\/wp-content\/uploads\/2021\/07\/IMG_9440-scaled.jpg 2560w, https:\/\/www.saveurscontinents.com\/wp-content\/uploads\/2021\/07\/IMG_9440-300x185.jpg 300w, https:\/\/www.saveurscontinents.com\/wp-content\/uploads\/2021\/07\/IMG_9440-1024x632.jpg 1024w, https:\/\/www.saveurscontinents.com\/wp-content\/uploads\/2021\/07\/IMG_9440-768x474.jpg 768w, https:\/\/www.saveurscontinents.com\/wp-content\/uploads\/2021\/07\/IMG_9440-1536x948.jpg 1536w, https:\/\/www.saveurscontinents.com\/wp-content\/uploads\/2021\/07\/IMG_9440-2048x1264.jpg 2048w, https:\/\/www.saveurscontinents.com\/wp-content\/uploads\/2021\/07\/IMG_9440-1568x968.jpg 1568w\" sizes=\"auto, (max-width: 2560px) 100vw, 2560px\" \/><\/figure>\n\n\n\n<figure class=\"wp-block-image size-large\"><img loading=\"lazy\" decoding=\"async\" width=\"2560\" height=\"1707\" data-id=\"322\" src=\"https:\/\/www.saveurscontinents.com\/wp-content\/uploads\/2021\/07\/IMG_9486-scaled.jpeg\" alt=\"\" class=\"wp-image-322\" srcset=\"https:\/\/www.saveurscontinents.com\/wp-content\/uploads\/2021\/07\/IMG_9486-scaled.jpeg 2560w, https:\/\/www.saveurscontinents.com\/wp-content\/uploads\/2021\/07\/IMG_9486-300x200.jpeg 300w, https:\/\/www.saveurscontinents.com\/wp-content\/uploads\/2021\/07\/IMG_9486-1024x683.jpeg 1024w, https:\/\/www.saveurscontinents.com\/wp-content\/uploads\/2021\/07\/IMG_9486-768x512.jpeg 768w, https:\/\/www.saveurscontinents.com\/wp-content\/uploads\/2021\/07\/IMG_9486-1536x1024.jpeg 1536w, https:\/\/www.saveurscontinents.com\/wp-content\/uploads\/2021\/07\/IMG_9486-2048x1365.jpeg 2048w, https:\/\/www.saveurscontinents.com\/wp-content\/uploads\/2021\/07\/IMG_9486-1568x1045.jpeg 1568w\" sizes=\"auto, (max-width: 2560px) 100vw, 2560px\" \/><\/figure>\n<\/figure>\n\n\n\n<div class=\"wp-block-columns alignwide are-vertically-aligned-top is-layout-flex wp-container-core-columns-is-layout-9d6595d7 wp-block-columns-is-layout-flex\">\n<div class=\"wp-block-column is-layout-flow wp-block-column-is-layout-flow\">\n<div class=\"wp-block-columns is-layout-flex wp-container-core-columns-is-layout-9d6595d7 wp-block-columns-is-layout-flex\">\n<div class=\"wp-block-column is-vertically-aligned-top is-layout-flow wp-block-column-is-layout-flow\" style=\"flex-basis:33.33%\">\n<p><\/p>\n\n\n\n<p style=\"font-size:26px\"><strong>EMPLACEMENT<\/strong><\/p>\n\n\n\n<p class=\"has-medium-font-size\"><strong>Mardi, Mercredi, <\/strong><\/p>\n\n\n\n<p class=\"has-medium-font-size\"><strong>Jeudi<\/strong>,<strong> Vendredi<\/strong><\/p>\n\n\n\n<p style=\"font-size:18px\"><em>Brasserie Artisanale du Luberon<\/em><\/p>\n\n\n\n<p style=\"font-size:15px\">72 Rue Philippe de Girard<\/p>\n\n\n\n<p style=\"font-size:15px\">84120 Pertuis<\/p>\n\n\n\n<figure class=\"wp-block-image size-large is-resized\"><img loading=\"lazy\" decoding=\"async\" width=\"754\" height=\"1024\" src=\"https:\/\/www.saveurscontinents.com\/wp-content\/uploads\/2024\/07\/huitres-du-producteur-ccf-plaque-2023-hd-amq-754x1024.jpeg\" alt=\"\" class=\"wp-image-1253\" style=\"width:219px;height:auto\" srcset=\"https:\/\/www.saveurscontinents.com\/wp-content\/uploads\/2024\/07\/huitres-du-producteur-ccf-plaque-2023-hd-amq-754x1024.jpeg 754w, https:\/\/www.saveurscontinents.com\/wp-content\/uploads\/2024\/07\/huitres-du-producteur-ccf-plaque-2023-hd-amq-221x300.jpeg 221w, https:\/\/www.saveurscontinents.com\/wp-content\/uploads\/2024\/07\/huitres-du-producteur-ccf-plaque-2023-hd-amq-768x1044.jpeg 768w, https:\/\/www.saveurscontinents.com\/wp-content\/uploads\/2024\/07\/huitres-du-producteur-ccf-plaque-2023-hd-amq.jpeg 800w\" sizes=\"auto, (max-width: 754px) 100vw, 754px\" \/><\/figure>\n<\/div>\n\n\n\n<div class=\"wp-block-column is-layout-flow wp-block-column-is-layout-flow\" style=\"flex-basis:70%\">\n<p class=\"has-text-align-center\"><strong>Au menu cette semaine (pas de service ce vendre 1 er mai)<br><\/strong><\/p>\n\n\n\n<p class=\"has-text-align-left\">&#8211; BOL \u00ab\u00a0VEGGIE\u00a0\u00bb: p\u00e2tes, tomates fra\u00eeches et confites, salades, petits pois, f\u00e8ves, mozzarella = 12 \u20ac<br>&#8211; BOL \u00ab\u00a0MYLI\u00a0\u00bb: vermicelles de riz, carottes r\u00e2p\u00e9es, pousses de soja, concombres, poulet marin\u00e9, menthe, cacahu\u00e8tes, citron vert = 13 \u20ac<br>PLAT DU JOUR<br>&#8211; Cari de porc, lentilles, achards de l\u00e9gumes, riz, ciboulette = 13 \u20ac<\/p>\n\n\n\n<p>DESSERTS = 4 \u20ac<br>&#8211; Yaourt, sirop d&rsquo;\u00e9rable, noisettes grill\u00e9es<br>&#8211; Crumble pommes-rhubarbe-vanille<br>&#8211; Yaourt, coulis de framboises, p\u00e9pites de chocolat noir<\/p>\n\n\n\n<p>Commande possible par SMS avant 10 h 45<\/p>\n\n\n\n<p><\/p>\n\n\n\n<p><\/p>\n\n\n\n<p><\/p>\n\n\n\n<p><\/p>\n\n\n\n<p><\/p>\n\n\n\n<p><\/p>\n\n\n\n<p><\/p>\n\n\n\n<p><\/p>\n\n\n\n<p><\/p>\n\n\n\n<p><\/p>\n\n\n\n<p><\/p>\n\n\n\n<p class=\"has-text-align-left\"><\/p>\n\n\n\n<p class=\"has-text-align-left\"><\/p>\n\n\n\n<p class=\"has-text-align-center\"><\/p>\n\n\n\n<p><\/p>\n<\/div>\n<\/div>\n<\/div>\n<\/div>\n\n\n\n<div class=\"wp-block-columns is-layout-flex wp-container-core-columns-is-layout-9d6595d7 wp-block-columns-is-layout-flex\">\n<div class=\"wp-block-column is-layout-flow wp-block-column-is-layout-flow\" style=\"flex-basis:100%\">\n<figure class=\"wp-block-gallery aligncenter has-nested-images columns-default is-cropped wp-block-gallery-2 is-layout-flex wp-block-gallery-is-layout-flex\">\n<figure class=\"wp-block-image size-large\"><img loading=\"lazy\" decoding=\"async\" width=\"1448\" height=\"940\" data-id=\"578\" src=\"https:\/\/www.saveurscontinents.com\/wp-content\/uploads\/2022\/03\/cropped-Capture-decran-2016-03-26-a-16.55.25.png\" alt=\"\" class=\"wp-image-578\" srcset=\"https:\/\/www.saveurscontinents.com\/wp-content\/uploads\/2022\/03\/cropped-Capture-decran-2016-03-26-a-16.55.25.png 1448w, https:\/\/www.saveurscontinents.com\/wp-content\/uploads\/2022\/03\/cropped-Capture-decran-2016-03-26-a-16.55.25-300x195.png 300w, https:\/\/www.saveurscontinents.com\/wp-content\/uploads\/2022\/03\/cropped-Capture-decran-2016-03-26-a-16.55.25-1024x665.png 1024w, https:\/\/www.saveurscontinents.com\/wp-content\/uploads\/2022\/03\/cropped-Capture-decran-2016-03-26-a-16.55.25-768x499.png 768w\" sizes=\"auto, (max-width: 1448px) 100vw, 1448px\" \/><\/figure>\n\n\n\n<figure class=\"wp-block-image size-large\"><img loading=\"lazy\" decoding=\"async\" width=\"2048\" height=\"1776\" data-id=\"766\" src=\"https:\/\/www.saveurscontinents.com\/wp-content\/uploads\/2022\/06\/262494972_3101470750072297_2116292035686498653_n.jpg\" alt=\"\" class=\"wp-image-766\" srcset=\"https:\/\/www.saveurscontinents.com\/wp-content\/uploads\/2022\/06\/262494972_3101470750072297_2116292035686498653_n.jpg 2048w, https:\/\/www.saveurscontinents.com\/wp-content\/uploads\/2022\/06\/262494972_3101470750072297_2116292035686498653_n-300x260.jpg 300w, https:\/\/www.saveurscontinents.com\/wp-content\/uploads\/2022\/06\/262494972_3101470750072297_2116292035686498653_n-1024x888.jpg 1024w, https:\/\/www.saveurscontinents.com\/wp-content\/uploads\/2022\/06\/262494972_3101470750072297_2116292035686498653_n-768x666.jpg 768w, https:\/\/www.saveurscontinents.com\/wp-content\/uploads\/2022\/06\/262494972_3101470750072297_2116292035686498653_n-1536x1332.jpg 1536w\" sizes=\"auto, (max-width: 2048px) 100vw, 2048px\" \/><\/figure>\n\n\n\n<figure class=\"wp-block-image size-large\"><img loading=\"lazy\" decoding=\"async\" width=\"1448\" height=\"940\" data-id=\"573\" src=\"https:\/\/www.saveurscontinents.com\/wp-content\/uploads\/2022\/03\/Capture-decran-2016-03-26-a-16.55.25.png\" alt=\"\" class=\"wp-image-573\" srcset=\"https:\/\/www.saveurscontinents.com\/wp-content\/uploads\/2022\/03\/Capture-decran-2016-03-26-a-16.55.25.png 1448w, https:\/\/www.saveurscontinents.com\/wp-content\/uploads\/2022\/03\/Capture-decran-2016-03-26-a-16.55.25-300x195.png 300w, https:\/\/www.saveurscontinents.com\/wp-content\/uploads\/2022\/03\/Capture-decran-2016-03-26-a-16.55.25-1024x665.png 1024w, https:\/\/www.saveurscontinents.com\/wp-content\/uploads\/2022\/03\/Capture-decran-2016-03-26-a-16.55.25-768x499.png 768w\" sizes=\"auto, (max-width: 1448px) 100vw, 1448px\" \/><\/figure>\n<\/figure>\n<\/div>\n<\/div>\n\n\n\n<div class=\"wp-block-columns is-layout-flex wp-container-core-columns-is-layout-9d6595d7 wp-block-columns-is-layout-flex\">\n<div class=\"wp-block-column is-layout-flow wp-block-column-is-layout-flow\" style=\"flex-basis:100%\"><\/div>\n<\/div>\n\n\n\n<p><\/p>\n\n\n\n<p><\/p>\n","protected":false},"excerpt":{"rendered":"<p>EMPLACEMENT Mardi, Mercredi, Jeudi, Vendredi Brasserie Artisanale du Luberon 72 Rue Philippe de Girard 84120 Pertuis Au menu cette semaine (pas de service ce vendre 1 er mai) &#8211; BOL \u00ab\u00a0VEGGIE\u00a0\u00bb: p\u00e2tes, tomates fra\u00eeches et confites, salades, petits pois, f\u00e8ves, mozzarella = 12 \u20ac&#8211; BOL \u00ab\u00a0MYLI\u00a0\u00bb: vermicelles de riz, carottes r\u00e2p\u00e9es, pousses de soja, concombres, [&hellip;]<\/p>\n","protected":false},"author":2,"featured_media":0,"parent":0,"menu_order":0,"comment_status":"closed","ping_status":"closed","template":"","meta":{"footnotes":""},"class_list":["post-10","page","type-page","status-publish","hentry"],"_links":{"self":[{"href":"https:\/\/www.saveurscontinents.com\/index.php?rest_route=\/wp\/v2\/pages\/10","targetHints":{"allow":["GET"]}}],"collection":[{"href":"https:\/\/www.saveurscontinents.com\/index.php?rest_route=\/wp\/v2\/pages"}],"about":[{"href":"https:\/\/www.saveurscontinents.com\/index.php?rest_route=\/wp\/v2\/types\/page"}],"author":[{"embeddable":true,"href":"https:\/\/www.saveurscontinents.com\/index.php?rest_route=\/wp\/v2\/users\/2"}],"replies":[{"embeddable":true,"href":"https:\/\/www.saveurscontinents.com\/index.php?rest_route=%2Fwp%2Fv2%2Fcomments&post=10"}],"version-history":[{"count":631,"href":"https:\/\/www.saveurscontinents.com\/index.php?rest_route=\/wp\/v2\/pages\/10\/revisions"}],"predecessor-version":[{"id":1539,"href":"https:\/\/www.saveurscontinents.com\/index.php?rest_route=\/wp\/v2\/pages\/10\/revisions\/1539"}],"wp:attachment":[{"href":"https:\/\/www.saveurscontinents.com\/index.php?rest_route=%2Fwp%2Fv2%2Fmedia&parent=10"}],"curies":[{"name":"wp","href":"https:\/\/api.w.org\/{rel}","templated":true}]}}