{"id":171,"date":"2021-07-05T21:49:11","date_gmt":"2021-07-05T19:49:11","guid":{"rendered":"https:\/\/www.saveurscontinents.com\/?page_id=171"},"modified":"2023-01-06T18:40:28","modified_gmt":"2023-01-06T17:40:28","slug":"mes-recettes-sucrees","status":"publish","type":"page","link":"https:\/\/www.saveurscontinents.com\/?page_id=171","title":{"rendered":""},"content":{"rendered":"<ul class=\"wp-block-latest-posts__list wp-block-latest-posts\"><li><a class=\"wp-block-latest-posts__post-title\" href=\"https:\/\/www.saveurscontinents.com\/?p=913\">Perles de tapioca au lait de coco, tartare de mangue ou d&rsquo;avocat \u00e0 la vanille<\/a><div class=\"wp-block-latest-posts__post-excerpt\">Une recette totalement addictive. Recette de base sur laquelle il est possible de remplacer la mangue et l&rsquo;avocat par de la banane, une cr\u00e8me au chocolat ou des morceaux de kiwi.<\/div><\/li>\n<li><a class=\"wp-block-latest-posts__post-title\" href=\"https:\/\/www.saveurscontinents.com\/?p=321\">Clafoutis pommes-vanille, cr\u00e8me anglaise (recette \u00e0 venir)<\/a><div class=\"wp-block-latest-posts__post-excerpt\"><\/div><\/li>\n<li><a class=\"wp-block-latest-posts__post-title\" href=\"https:\/\/www.saveurscontinents.com\/?p=316\">Tarte abricots-lavande (recette \u00e0 venir)<\/a><div class=\"wp-block-latest-posts__post-excerpt\"><\/div><\/li>\n<li><a class=\"wp-block-latest-posts__post-title\" href=\"https:\/\/www.saveurscontinents.com\/?p=286\">Eclair au chocolat noir vanill\u00e9<\/a><div class=\"wp-block-latest-posts__post-excerpt\">Un m\u00e9lange harmonieux entre la force du chocolat noir et la douceur de la vanille de Tahiti, ils ont \u00e9t\u00e9 mang\u00e9 en un \u00e9clair ! Ingr\u00e9dients pour 25 mini \u00e9clairs: La p\u00e2te \u00e0 choux (Michalak): &nbsp;\u2022 150g de lait &nbsp;\u2022 20g de sucre &nbsp;\u2022 3oeufs &nbsp;\u2022 85g de farine &nbsp;\u2022 65g de beurre &nbsp;\u2022 2g\u2026 <a class=\"wp-block-latest-posts__read-more\" href=\"https:\/\/www.saveurscontinents.com\/?p=286\" rel=\"noopener noreferrer\">Lire la suite<span class=\"screen-reader-text\">\u00a0: Eclair au chocolat noir vanill\u00e9<\/span><\/a><\/div><\/li>\n<li><a class=\"wp-block-latest-posts__post-title\" href=\"https:\/\/www.saveurscontinents.com\/?p=283\">Fraisier<\/a><div class=\"wp-block-latest-posts__post-excerpt\">Pour un moule de 26 cm L&rsquo; appareil \u00e0 g\u00e9noise 4 oeufs entiers 125 gr de sucre semoule 100 gr de farine tamis\u00e9e 25 gr de maizena tamis\u00e9e 25 gr de beurre fondu et refroidi La cr\u00e8me mousseline 1\/2 L de lait 4 jaunes d&rsquo; oeufs 100 gr de sucre semoule 120 gr de farine\u2026 <a class=\"wp-block-latest-posts__read-more\" href=\"https:\/\/www.saveurscontinents.com\/?p=283\" rel=\"noopener noreferrer\">Lire la suite<span class=\"screen-reader-text\">\u00a0: Fraisier<\/span><\/a><\/div><\/li>\n<li><a class=\"wp-block-latest-posts__post-title\" href=\"https:\/\/www.saveurscontinents.com\/?p=277\">Brownie \u00ab\u00a0Black &#038; Gold\u00a0\u00bb<\/a><div class=\"wp-block-latest-posts__post-excerpt\">L&rsquo; incontournable et divin brownie au chocolat noir, il se mange sans faim et &nbsp;avec gourmandise, les enfants l&rsquo; adorent et les adultes ont d\u00fb mal \u00e0 r\u00e9sister \u00e0 la tentation. Le chocolat noir donne un c\u00f4t\u00e9 \u00ab\u00a0fort\u00a0\u00bb \u00e0 ce g\u00e2teau, selon l&rsquo; humeur et nos inspirations il pourra \u00eatre r\u00e9alis\u00e9 avec du chocolat au\u2026 <a class=\"wp-block-latest-posts__read-more\" href=\"https:\/\/www.saveurscontinents.com\/?p=277\" rel=\"noopener noreferrer\">Lire la suite<span class=\"screen-reader-text\">\u00a0: Brownie \u00ab\u00a0Black &#038; Gold\u00a0\u00bb<\/span><\/a><\/div><\/li>\n<li><a class=\"wp-block-latest-posts__post-title\" href=\"https:\/\/www.saveurscontinents.com\/?p=273\">G\u00e2teau \u00e0 l&rsquo;ananas<\/a><div class=\"wp-block-latest-posts__post-excerpt\">Ce g\u00e2teau est juste \u00ab\u00a0d\u00e9paysant\u00a0\u00bb, la recette de base vient du blog d&rsquo; une amie, qui a la joie de pouvoir cuisiner avec des ananas ramass\u00e9s quasiment dans son jardin. Malheureusement chez nous les&nbsp;ananas&nbsp;sont parfois acides et il a fallu le travailler un peu avant de l&rsquo; int\u00e9grer \u00e0 la p\u00e2te. L&rsquo; envie de voyage\u2026 <a class=\"wp-block-latest-posts__read-more\" href=\"https:\/\/www.saveurscontinents.com\/?p=273\" rel=\"noopener noreferrer\">Lire la suite<span class=\"screen-reader-text\">\u00a0: G\u00e2teau \u00e0 l&rsquo;ananas<\/span><\/a><\/div><\/li>\n<li><a class=\"wp-block-latest-posts__post-title\" href=\"https:\/\/www.saveurscontinents.com\/?p=260\">Tiramisu au biscuits roses de Reims<\/a><div class=\"wp-block-latest-posts__post-excerpt\">Un m\u00e9lange gourmand entre la cr\u00e8me mascarpone et les fraises, une petite note sucr\u00e9e apport\u00e9 par les biscuits rose de Reims et le tour est jou\u00e9 ! Un dessert parfait qui peut \u00eatre d\u00e9clin\u00e9 avec pleins d&rsquo; autres fruits : mangue, framboise, abricots, poire, banane ! Pour 4 personnes Ingr\u00e9dients 250 gr de mascarpone 2\u2026 <a class=\"wp-block-latest-posts__read-more\" href=\"https:\/\/www.saveurscontinents.com\/?p=260\" rel=\"noopener noreferrer\">Lire la suite<span class=\"screen-reader-text\">\u00a0: Tiramisu au biscuits roses de Reims<\/span><\/a><\/div><\/li>\n<li><a class=\"wp-block-latest-posts__post-title\" href=\"https:\/\/www.saveurscontinents.com\/?p=246\">Cookies crousti-moelleux au chocolat noir<\/a><div class=\"wp-block-latest-posts__post-excerpt\">&nbsp;Voil\u00e0 une recette pour les inconditionnels des cookies croustillants \u00e0 l&rsquo; ext\u00e9rieur et moelleux \u00e0 l&rsquo; int\u00e9rieur !&nbsp; Les p\u00e9pites de chocolat noir apporte un c\u00f4t\u00e9 \u00ab\u00a0brut\u00a0\u00bb \u00e0 la p\u00e2te sucr\u00e9e, une belle alliance des mati\u00e8res. Pendant la cuisson l&rsquo; odeur du chocolat et du beurre parfume divinement la maison, \u00e0 la sortie du four,\u2026 <a class=\"wp-block-latest-posts__read-more\" href=\"https:\/\/www.saveurscontinents.com\/?p=246\" rel=\"noopener noreferrer\">Lire la suite<span class=\"screen-reader-text\">\u00a0: Cookies crousti-moelleux au chocolat noir<\/span><\/a><\/div><\/li>\n<li><a class=\"wp-block-latest-posts__post-title\" href=\"https:\/\/www.saveurscontinents.com\/?p=237\">Tarte tatin \u00e0 l&rsquo; abricot, caramel fruits de la passion-sauge ananas<\/a><div class=\"wp-block-latest-posts__post-excerpt\">Les feuilles de sauge sont infus\u00e9es dans le sirop de fruits de la passion, elles d\u00e9livrent leur c\u00f4t\u00e9 exotique \u00e0 cette recette tr\u00e8s Proven\u00e7ale r\u00e9alis\u00e9e avec des abricots de chez nous. Une petite recette pour un dessert tr\u00e8s lumineux ! Pour 4 personnes Ingr\u00e9dients 10 abricots 1 rouleau de p\u00e2te feuillet\u00e9e pur beurre&nbsp; 100 ml\u2026 <a class=\"wp-block-latest-posts__read-more\" href=\"https:\/\/www.saveurscontinents.com\/?p=237\" rel=\"noopener noreferrer\">Lire la suite<span class=\"screen-reader-text\">\u00a0: Tarte tatin \u00e0 l&rsquo; abricot, caramel fruits de la passion-sauge ananas<\/span><\/a><\/div><\/li>\n<li><a class=\"wp-block-latest-posts__post-title\" href=\"https:\/\/www.saveurscontinents.com\/?p=228\">Pancakes aux myrtilles<\/a><div class=\"wp-block-latest-posts__post-excerpt\">Une recette typiquement am\u00e9ricaine \u00e0 d\u00e9guster ti\u00e8de avec un chocolat chaud ou un th\u00e9, au petit d\u00e9jeuner en voil\u00e0 une bonne fa\u00e7on de commencer la journ\u00e9e. Les myrtilles et le beurre fondu forment une alliance gourmande et irr\u00e9sistible, un trait de sirop et le tour est jou\u00e9.&nbsp; Pour 20 pancakes&nbsp; Ingr\u00e9dients&nbsp; &#8211; 4 oeufs &#8211;\u2026 <a class=\"wp-block-latest-posts__read-more\" href=\"https:\/\/www.saveurscontinents.com\/?p=228\" rel=\"noopener noreferrer\">Lire la suite<span class=\"screen-reader-text\">\u00a0: Pancakes aux myrtilles<\/span><\/a><\/div><\/li>\n<li><a class=\"wp-block-latest-posts__post-title\" href=\"https:\/\/www.saveurscontinents.com\/?p=222\">Madeleines citron vert &#8211; vanille<\/a><div class=\"wp-block-latest-posts__post-excerpt\">Les madeleines, un doux souvenir d&rsquo; enfance ! Avec leurs belles bosses qui les caract\u00e9risent si bien, ceux sont des petites douceurs toujours bienvenues au moment du caf\u00e9 ou \u00e0 l&rsquo; heure du th\u00e9.&nbsp; Pour cette recette le c\u00f4t\u00e9 exotique prend le dessus avec l&rsquo; association citron-vert\/vanille et le r\u00e9sultat est vraiment sympa. L&rsquo;&nbsp;acidit\u00e9 du\u2026 <a class=\"wp-block-latest-posts__read-more\" href=\"https:\/\/www.saveurscontinents.com\/?p=222\" rel=\"noopener noreferrer\">Lire la suite<span class=\"screen-reader-text\">\u00a0: Madeleines citron vert &#8211; vanille<\/span><\/a><\/div><\/li>\n<li><a class=\"wp-block-latest-posts__post-title\" href=\"https:\/\/www.saveurscontinents.com\/?p=210\">Crumble pommes-vanille, la base !<\/a><div class=\"wp-block-latest-posts__post-excerpt\">A la fin d&rsquo; un repas ou pour un petit go\u00fbter on ne se fait pas prier pour les d\u00e9guster, ti\u00e8de ou froid, accompagn\u00e9s de glace ou tout simplement nature. Les crumbles se r\u00e9alisent \u00e0 toutes les sauces, sucr\u00e9 avec des framboise, des fruits rouges, de l&rsquo;ananas et de la noix de coco r\u00e2p\u00e9e, des\u2026 <a class=\"wp-block-latest-posts__read-more\" href=\"https:\/\/www.saveurscontinents.com\/?p=210\" rel=\"noopener noreferrer\">Lire la suite<span class=\"screen-reader-text\">\u00a0: Crumble pommes-vanille, la base !<\/span><\/a><\/div><\/li>\n<li><a class=\"wp-block-latest-posts__post-title\" href=\"https:\/\/www.saveurscontinents.com\/?p=205\">Sp\u00e9culossiusmisu ! Diaboliquement impronon\u00e7able, divinement gourmand !<\/a><div class=\"wp-block-latest-posts__post-excerpt\">Le voil\u00e0 le fameux sp\u00e9culossiusmisu : une cr\u00e8me au mascarpone l\u00e9g\u00e8re et des sp\u00e9culoos d\u00e9licatement imbib\u00e9s de caf\u00e9, servis bien frais un vrai r\u00e9gal pour une fin de repas ! Pour le nom, facile un peu de Mary Poppins et de tiramisu, deux coups de baguette magique et hop ! A d\u00e9guster sans mod\u00e9ration en\u2026 <a class=\"wp-block-latest-posts__read-more\" href=\"https:\/\/www.saveurscontinents.com\/?p=205\" rel=\"noopener noreferrer\">Lire la suite<span class=\"screen-reader-text\">\u00a0: Sp\u00e9culossiusmisu ! Diaboliquement impronon\u00e7able, divinement gourmand !<\/span><\/a><\/div><\/li>\n<\/ul>","protected":false},"excerpt":{"rendered":"","protected":false},"author":1,"featured_media":0,"parent":0,"menu_order":0,"comment_status":"closed","ping_status":"closed","template":"","meta":{"footnotes":""},"class_list":["post-171","page","type-page","status-publish","hentry"],"_links":{"self":[{"href":"https:\/\/www.saveurscontinents.com\/index.php?rest_route=\/wp\/v2\/pages\/171","targetHints":{"allow":["GET"]}}],"collection":[{"href":"https:\/\/www.saveurscontinents.com\/index.php?rest_route=\/wp\/v2\/pages"}],"about":[{"href":"https:\/\/www.saveurscontinents.com\/index.php?rest_route=\/wp\/v2\/types\/page"}],"author":[{"embeddable":true,"href":"https:\/\/www.saveurscontinents.com\/index.php?rest_route=\/wp\/v2\/users\/1"}],"replies":[{"embeddable":true,"href":"https:\/\/www.saveurscontinents.com\/index.php?rest_route=%2Fwp%2Fv2%2Fcomments&post=171"}],"version-history":[{"count":5,"href":"https:\/\/www.saveurscontinents.com\/index.php?rest_route=\/wp\/v2\/pages\/171\/revisions"}],"predecessor-version":[{"id":931,"href":"https:\/\/www.saveurscontinents.com\/index.php?rest_route=\/wp\/v2\/pages\/171\/revisions\/931"}],"wp:attachment":[{"href":"https:\/\/www.saveurscontinents.com\/index.php?rest_route=%2Fwp%2Fv2%2Fmedia&parent=171"}],"curies":[{"name":"wp","href":"https:\/\/api.w.org\/{rel}","templated":true}]}}