{"id":30,"date":"2021-07-03T19:08:12","date_gmt":"2021-07-03T17:08:12","guid":{"rendered":"https:\/\/www.saveurscontinents.com\/?page_id=30"},"modified":"2022-03-13T17:34:46","modified_gmt":"2022-03-13T16:34:46","slug":"a-propos","status":"publish","type":"page","link":"https:\/\/www.saveurscontinents.com\/?page_id=30","title":{"rendered":"A propos"},"content":{"rendered":"\n<p class=\"has-drop-cap\">Derri\u00e8re Saveurs Continents il y a &nbsp;: une passionn\u00e9e de la vie, des voyages et &nbsp;de la cuisine en particulier ! C\u2019est au coeur du Luberon, en Provence, que je laisse libre cours \u00e0 mon imagination pour la cr\u00e9ation de mes recettes. Le temps d\u2019une balade au milieu des champs d\u2019oliviers et des lavandes en fleurs, \u00e0 travers les collines embaumant le romarin et le thym, les saveurs se m\u00e9langent dans mon esprit. J\u2019y ajoute une touche exotique venue d\u2019horizons lointains pour compl\u00e9ter le tout et les recettes naissent !<\/p>\n\n\n\n<p class=\"has-drop-cap\">Cuisiner ? C\u2019est pour moi bien plus qu\u2019une passion. C\u2019est aussi une ouverture sur le monde, une invitation \u00e0 l\u2019aventure, une\u00a0mani\u00e8re de d\u00e9couvrir des produits venus d\u2019ailleurs qui font voyager les papilles. Cela va bien au-del\u00e0 d\u2019une simple association de produits. C\u2019est une jolie fa\u00e7on de faire passer des \u00e9motions, de cr\u00e9er des souvenirs inoubliables, d\u2019offrir des moments de partage et de plaisir. C\u2019est aussi l\u2019occasion de rencontrer des passionn\u00e9s, des producteurs intransigeants et des artisans du go\u00fbt !\u00a0<\/p>\n\n\n\n<div class=\"wp-block-image\"><figure class=\"aligncenter size-full\"><img loading=\"lazy\" decoding=\"async\" width=\"1023\" height=\"767\" src=\"https:\/\/www.saveurscontinents.com\/wp-content\/uploads\/2022\/03\/pizap.com14616149877791.jpg\" alt=\"\" class=\"wp-image-692\" srcset=\"https:\/\/www.saveurscontinents.com\/wp-content\/uploads\/2022\/03\/pizap.com14616149877791.jpg 1023w, https:\/\/www.saveurscontinents.com\/wp-content\/uploads\/2022\/03\/pizap.com14616149877791-300x225.jpg 300w, https:\/\/www.saveurscontinents.com\/wp-content\/uploads\/2022\/03\/pizap.com14616149877791-768x576.jpg 768w\" sizes=\"auto, (max-width: 1023px) 100vw, 1023px\" \/><\/figure><\/div>\n\n\n\n<figure class=\"wp-block-image size-full\"><img loading=\"lazy\" decoding=\"async\" width=\"960\" height=\"960\" src=\"https:\/\/www.saveurscontinents.com\/wp-content\/uploads\/2022\/03\/13330942_10209979409070593_993595659025998915_n.jpg\" alt=\"\" class=\"wp-image-678\" srcset=\"https:\/\/www.saveurscontinents.com\/wp-content\/uploads\/2022\/03\/13330942_10209979409070593_993595659025998915_n.jpg 960w, https:\/\/www.saveurscontinents.com\/wp-content\/uploads\/2022\/03\/13330942_10209979409070593_993595659025998915_n-300x300.jpg 300w, https:\/\/www.saveurscontinents.com\/wp-content\/uploads\/2022\/03\/13330942_10209979409070593_993595659025998915_n-150x150.jpg 150w, https:\/\/www.saveurscontinents.com\/wp-content\/uploads\/2022\/03\/13330942_10209979409070593_993595659025998915_n-768x768.jpg 768w\" sizes=\"auto, (max-width: 960px) 100vw, 960px\" \/><\/figure>\n","protected":false},"excerpt":{"rendered":"<p>Derri\u00e8re Saveurs Continents il y a &nbsp;: une passionn\u00e9e de la vie, des voyages et &nbsp;de la cuisine en particulier ! C\u2019est au coeur du Luberon, en Provence, que je laisse libre cours \u00e0 mon imagination pour la cr\u00e9ation de mes recettes. Le temps d\u2019une balade au milieu des champs d\u2019oliviers et des lavandes en [&hellip;]<\/p>\n","protected":false},"author":2,"featured_media":0,"parent":0,"menu_order":0,"comment_status":"closed","ping_status":"closed","template":"","meta":{"footnotes":""},"class_list":["post-30","page","type-page","status-publish","hentry"],"_links":{"self":[{"href":"https:\/\/www.saveurscontinents.com\/index.php?rest_route=\/wp\/v2\/pages\/30","targetHints":{"allow":["GET"]}}],"collection":[{"href":"https:\/\/www.saveurscontinents.com\/index.php?rest_route=\/wp\/v2\/pages"}],"about":[{"href":"https:\/\/www.saveurscontinents.com\/index.php?rest_route=\/wp\/v2\/types\/page"}],"author":[{"embeddable":true,"href":"https:\/\/www.saveurscontinents.com\/index.php?rest_route=\/wp\/v2\/users\/2"}],"replies":[{"embeddable":true,"href":"https:\/\/www.saveurscontinents.com\/index.php?rest_route=%2Fwp%2Fv2%2Fcomments&post=30"}],"version-history":[{"count":11,"href":"https:\/\/www.saveurscontinents.com\/index.php?rest_route=\/wp\/v2\/pages\/30\/revisions"}],"predecessor-version":[{"id":693,"href":"https:\/\/www.saveurscontinents.com\/index.php?rest_route=\/wp\/v2\/pages\/30\/revisions\/693"}],"wp:attachment":[{"href":"https:\/\/www.saveurscontinents.com\/index.php?rest_route=%2Fwp%2Fv2%2Fmedia&parent=30"}],"curies":[{"name":"wp","href":"https:\/\/api.w.org\/{rel}","templated":true}]}}